{"id":103,"date":"2020-09-12T16:23:53","date_gmt":"2020-09-12T16:23:53","guid":{"rendered":"http:\/\/zaralogie.fr\/about\/"},"modified":"2020-11-09T01:25:02","modified_gmt":"2020-11-09T00:25:02","slug":"about","status":"publish","type":"page","link":"https:\/\/zaralogie.fr\/ar\/about\/","title":{"rendered":"\u0645\u0646 \u0627\u0646\u0627"},"content":{"rendered":"<p><img loading=\"lazy\"   decoding=\"async\"   class=\"alignnone  wp-image-160\"   src=\"https:\/\/zaralogie.fr\/wp-content\/uploads\/2020\/11\/123270487_1678192932352015_8819076726893415152_n-222x300.jpg\"   alt=\"\"   width=\"1181\"   height=\"1596\"   srcset=\"https:\/\/zaralogie.fr\/wp-content\/uploads\/2020\/11\/123270487_1678192932352015_8819076726893415152_n-222x300.jpg 222w, https:\/\/zaralogie.fr\/wp-content\/uploads\/2020\/11\/123270487_1678192932352015_8819076726893415152_n.jpg 560w\"   sizes=\"(max-width: 1181px) 100vw, 1181px\" \/><\/p>\n<p style=\"text-align: center;\">\u00a0<\/p>\n\n\n<p class=\"has-text-align-justify\"> <strong>\u0623\u062e\u0635\u0627\u0626\u064a\u0629 \u0641\u064a \u0639\u0644\u0645 \u0648\u0638\u0627\u0626\u0641 \u0627\u0644\u0623\u0639\u0636\u0627\u0621<\/strong> \u0645\u062a\u062e\u0635\u0635\u0629 \u0641\u064a \u0627\u0644\u0623\u0645\u0631\u0627\u0636 \u0627\u0644\u0645\u0632\u0645\u0646\u0629 \u0648\u0627\u0644\u0627\u0644\u062a\u0647\u0627\u0628\u0627\u062a. \u0628\u0635\u0641\u062a\u064a \u0645\u0647\u0646\u062f\u0633\u064b\u0629 \u0641\u064a \u0627\u0644\u0628\u064a\u0648\u0644\u0648\u062c\u064a\u0627 \u0627\u0644\u062e\u0644\u0648\u064a\u0629 \u0648\u0627\u0644\u062c\u0632\u064a\u0626\u064a\u0629 \u060c \u0647\u062f\u0641\u064a \u0647\u0648 \u0645\u0645\u0627\u0631\u0633\u0629 \u0627\u0644\u0628\u062d\u062b \u0627\u0644\u0639\u0644\u0645\u064a.<\/p>\n\n\n\n<p class=\"has-text-align-justify\">\u0623\u0646\u0627 \u0634\u063a\u0648\u0641\u0629 \u0628\u0627\u0644\u0639\u0644\u0648\u0645 \u0627\u0644\u0637\u0628\u064a\u0629 \u060c \u0644\u0637\u0627\u0644\u0645\u0627 \u0643\u0627\u0646\u062a \u0627\u0644\u0628\u064a\u0648\u0644\u0648\u062c\u064a\u0627 \u0648\u0627\u0644\u0637\u0628 \u062c\u0632\u0621\u064b\u0627 \u0645\u0646 \u062d\u064a\u0627\u062a\u064a. \u0641\u064a \u0627\u0644\u0648\u0627\u0642\u0639 \u060c \u0645\u0646\u0630 \u0623\u0646 \u0643\u0646\u062a \u0635\u063a\u064a\u0631\u064b\u0629 \u0643\u0646\u062a \u0645\u062d\u0627\u0637\u064b\u0629 \u0628\u0627\u0644\u0623\u0637\u0628\u0627\u0621 \u0648\u0627\u0644\u0645\u0645\u0631\u0636\u0627\u062a \u0641\u064a \u0639\u0627\u0626\u0644\u062a\u064a \u060c \u0644\u0639\u0628\u062a \u062f\u0648\u0631 \u0627\u0644\u0637\u0628\u064a\u0628\u0629 \u0645\u0639 \u0627\u0644\u062f\u0645\u0649 \u060c \u0639\u0645\u0644\u062a \u062e\u0644\u0627\u0644 \u0627\u0644\u0625\u062c\u0627\u0632\u0627\u062a \u0645\u0646 \u0633\u0646 14 \u0645\u0639 \u062c\u0631\u0627\u062d \u0623\u0639\u0635\u0627\u0628 \u0648 \u0633\u0627\u0639\u062f\u062a\u0647 \u0643\u0645\u0645\u0631\u0636\u0629 \u060c \u062a\u0639\u0644\u0645\u062a \u0627\u0644\u0643\u062b\u064a\u0631!<\/p>\n\n\n\n<h3 class=\"wp-block-heading\"   id=\"h-mon-histoire\"><em>\u0642\u0635\u062a\u064a\u00a0<\/em><\/h3>\n\n\n\n<p class=\"has-text-align-justify\">\u0641\u064a \u0633\u0646 \u0627\u0644\u062e\u0627\u0645\u0633\u0629 \u0639\u0634\u0631 \u0634\u0627\u0631\u0643\u062a \u0641\u064a \u0645\u0633\u0627\u0628\u0642\u0629 \u0648\u062d\u062f\u0629 \u0627\u0644\u0639\u0644\u0648\u0645 \u0627\u0644\u0637\u0628\u064a\u0639\u064a\u0629 \u060c \u0643\u0627\u0646 \u0639\u0644\u064a\u0646\u0627 \u0623\u0646 \u0646\u0635\u0646\u0639 \u062c\u0632\u064a\u0621 \u0627\u0644\u062d\u0645\u0636 \u0627\u0644\u0646\u0648\u0648\u064a \u0628\u0627\u0644\u0648\u0631\u0642 \u0623\u0648 \u0627\u0644\u0645\u0637\u0627\u0637 \u060c \u0643\u0646\u062a \u0633\u0639\u064a\u062f\u064b\u0629 \u0644\u0644\u063a\u0627\u064a\u0629 \u0648\u0633\u0639\u062f\u0629 \u0628\u0647\u0630\u0647 \u0627\u0644\u0645\u0647\u0645\u0629 \u0623\u0646\u0646\u064a \u0623\u0631\u062f\u062a \u0623\u0646 \u0623\u0641\u0639\u0644 \u0630\u0644\u0643 \u0641\u064a 3 \u062f. \u0644\u0630\u0644\u0643 \u0630\u0647\u0628\u062a \u0625\u0644\u0649 \u0639\u0627\u0645\u0644 \u0627\u0644\u0635\u0641\u0627\u0626\u062d \u0627\u0644\u0645\u0639\u062f\u0646\u064a\u0629 \u0648\u0623\u0631\u064a\u062a\u0647 \u0627\u0644\u0631\u0633\u0645 \u0627\u0644\u062a\u062e\u0637\u064a\u0637\u064a \u0644\u0644\u062d\u0644\u0632\u0648\u0646 \u0627\u0644\u0645\u0632\u062f\u0648\u062c \u0644\u0644\u062d\u0645\u0636 \u0627\u0644\u0646\u0648\u0648\u064a \u060c \u0648\u0637\u0644\u0628\u062a \u0645\u0646\u0647 \u0623\u0646 \u064a\u0635\u0646\u0639 \u0644\u064a \u062d\u0644\u0632\u0648\u0646\u064b\u0627 \u0645\u0632\u062f\u0648\u062c\u064b\u0627 \u0645\u0646 \u0627\u0644\u0635\u0641\u0627\u0626\u062d \u0627\u0644\u0645\u0639\u062f\u0646\u064a\u0629 \u060c \u062b\u0645 \u0630\u0647\u0628\u062a \u0625\u0644\u0649 \u0627\u0644\u0646\u062c\u0627\u0631 \u0644\u0639\u0645\u0644 \u0627\u0644\u0642\u0648\u0627\u0639\u062f \u0627\u0644\u0646\u064a\u062a\u0631\u0648\u062c\u064a\u0646\u064a\u0629 \u0641\u064a \u0627\u0644\u062e\u0634\u0628 \u060c \u0648\u0627\u0644\u0631\u0648\u0627\u0628\u0637 \u0627\u0644\u0647\u064a\u062f\u0631\u0648\u062c\u064a\u0646\u064a\u0629 \u0641\u064a \u0627\u0644\u0645\u0633\u0648\u0627\u0643. \u0648\u0644\u0645 \u0623\u062a\u0648\u0642\u0641 \u0639\u0646\u062f \u0647\u0630\u0627 \u0627\u0644\u062d\u062f \u060c \u0641\u064a \u0630\u0644\u0643 \u0627\u0644\u0648\u0642\u062a \u0644\u0627 \u064a\u062c\u0628 \u0623\u0646 \u0646\u0639\u0631\u0641 \u0627\u0644\u062a\u0631\u0643\u064a\u0628 \u0627\u0644\u0643\u064a\u0645\u064a\u0627\u0626\u064a \u0627\u0644\u062d\u064a\u0648\u064a \u0627\u0644\u0643\u0627\u0645\u0644 \u0644\u062c\u0632\u064a\u0621 \u0627\u0644\u062d\u0645\u0636 \u0627\u0644\u0646\u0648\u0648\u064a \u060c \u0644\u0643\u0646\u0646\u064a \u0623\u0631\u062f\u062a \u0623\u0646 \u0623\u0639\u0631\u0641 \u0643\u0644 \u0634\u064a\u0621!<\/p>\n\n\n\n<p class=\"has-text-align-justify\">\u0646\u0638\u0631\u0629 \u0639\u0644\u0649 \u0627\u0644\u0627\u0646\u062a\u0631\u0646\u062a \u0644\u0643\u0646\u0646\u064a \u0644\u0645 \u0623\u0641\u0647\u0645 \u062a\u0645\u0627\u0645\u064b\u0627 \u060c \u0630\u0647\u0628\u062a \u0625\u0644\u0649 \u0635\u064a\u062f\u0644\u0627\u0646\u064a\u0629 \u0648\u0637\u0644\u0628\u062a \u0645\u0646\u0647\u0627 \u0623\u0646 \u062a\u0634\u0631\u062d \u0644\u064a \u0643\u0644 \u0627\u0644\u062a\u0631\u0643\u064a\u0628\u0629 \u0627\u0644\u0628\u064a\u0648\u0643\u064a\u0645\u064a\u0627\u0626\u064a\u0629 \u060c \u0623\u062e\u0628\u0631\u062a\u0646\u064a \u0623\u0646\u0647\u0627 \u0644\u0627 \u062a\u0645\u0644\u0643 \u0627\u0644\u0648\u0642\u062a \u0644\u0643\u0646\u0646\u064a \u0623\u0635\u0631\u0631\u062a \u0648\u0641\u064a \u0627\u0644\u0646\u0647\u0627\u064a\u0629 \u0642\u0628\u0644\u062a \u0648\u0642\u0627\u0644\u062a \u0644\u064a \u0623\u0646 \u0623\u0639\u0648\u062f \u0641\u064a \u0627\u0644\u064a\u0648\u0645 \u0627\u0644\u062a\u0627\u0644\u064a \u060c \u0644\u0630\u0644\u0643 \u0643\u0646\u062a \u0647\u0646\u0627\u0643 \u0648\u0634\u0631\u062d\u062a \u0644\u064a \u062c\u064a\u062f\u064b\u0627 (\u0644\u0630\u0644\u0643 \u0643\u0646\u062a \u0645\u062a\u0642\u062f\u0645\u064b\u0627 \u0628\u062e\u0637\u0648\u0629 \u0648\u0627\u062d\u062f\u0629 \u0639\u0644\u0649 \u0631\u0641\u0627\u0642\u064a) \u0648\u0642\u062f \u0635\u0646\u0639\u062a \u0644\u064a \u0645\u0644\u0635\u0642\u064b\u0627 \u0643\u0628\u064a\u0631\u064b\u0627 \u0645\u0639 \u0627\u0644\u062a\u0631\u0643\u064a\u0628 \u0627\u0644\u0643\u064a\u0645\u064a\u0627\u0626\u064a \u0627\u0644\u062d\u064a\u0648\u064a \u0641\u064a \u062d\u0644\u0632\u0648\u0646 \u0645\u0632\u062f\u0648\u062c \u060c \u0643\u0646\u062a \u0641\u064a \u0627\u0644\u062c\u0646\u0629! \u0641\u064a \u0627\u0644\u064a\u0648\u0645 \u0627\u0644\u0630\u064a \u0642\u062f\u0645\u062a \u0641\u064a\u0647 \u0645\u0644\u0635\u0642\u064a \u0648\u062c\u0632\u064a\u0621 \u0627\u0644\u062d\u0645\u0636 \u0627\u0644\u0646\u0648\u0648\u064a \u0627\u0644\u062e\u0627\u0635 \u0628\u064a \u060c \u0643\u0627\u0646 \u0623\u062c\u0645\u0644 \u0645\u0627 \u0641\u0632\u062a \u0628\u0647&nbsp;<\/p>\n\n\n\n<p class=\"has-text-align-justify\">\u0628\u0639\u062f \u062d\u0635\u0648\u0644\u064a \u0639\u0644\u0649 \u0634\u0647\u0627\u062f\u0629 \u062a\u062e\u0635\u0635 \u0639\u0644\u0645\u064a \u060c \u0627\u062e\u062a\u0631\u062a \u0639\u0644\u0645 \u0627\u0644\u0623\u062d\u064a\u0627\u0621 \u0639\u0644\u0649 \u0627\u0644\u0641\u0648\u0631 \u062f\u0648\u0646 \u062a\u0631\u062f\u062f \u060c \u062b\u0645 \u062a\u0627\u0628\u0639\u062a \u062a\u062e\u0635\u0635\u064b\u0627 \u0641\u064a \u0627\u0644\u0641\u064a\u0632\u064a\u0648\u0644\u0648\u062c\u064a\u0627 \u0627\u0644\u0645\u0631\u0636\u064a\u0629 \u0627\u0644\u062e\u0644\u0648\u064a\u0629 \u0648\u0627\u0644\u062c\u0632\u064a\u0626\u064a\u0629 \u0645\u0646 \u0623\u062c\u0644 \u0627\u0644\u062d\u0635\u0648\u0644 \u0639\u0644\u0649 \u0645\u0633\u064a\u0631\u0629 \u0641\u064a \u0627\u0644\u0628\u062d\u062b \u0627\u0644\u0639\u0644\u0645\u064a \u060c \u0643\u0645\u0627 \u0639\u0645\u0644\u062a \u0641\u064a \u0627\u0644\u0639\u062f\u064a\u062f \u0645\u0646 \u0627\u0644\u0645\u062e\u062a\u0628\u0631\u0627\u062a. \u0648\u0641\u064a \u0627\u0644\u0645\u0633\u062a\u0634\u0641\u064a\u0627\u062a.<\/p>\n\n\n\n<p class=\"has-text-align-justify\">\u064a\u062a\u0639\u0644\u0642 \u062a\u062e\u0635\u0635\u064a \u0628\u0634\u0643\u0644 \u062e\u0627\u0635 \u0628\u0627\u0644\u0623\u0645\u0631\u0627\u0636 \u0627\u0644\u0645\u0632\u0645\u0646\u0629 \u0645\u062b\u0644 \u0627\u0644\u0633\u0643\u0631\u064a \u0648\u0627\u0644\u0633\u0645\u0646\u0629 \u0648\u0627\u0644\u0625\u062c\u0647\u0627\u062f \u0627\u0644\u062a\u0623\u0643\u0633\u062f\u064a \u0648\u0627\u0644\u0633\u0631\u0637\u0627\u0646 \u0648\u0627\u0644\u062a\u063a\u0630\u064a\u0629 \u0648\u0627\u0644\u0623\u0645\u0631\u0627\u0636 \u0627\u0644\u0645\u0639\u062f\u064a\u0629 \u0623\u064a\u0636\u064b\u0627.<\/p>\n\n\n\n<h3 class=\"wp-block-heading\"   id=\"h-ma-mission\">\u0645\u0647\u0645\u062a\u064a<\/h3>\n\n\n\n<p class=\"has-text-align-justify\">\u0646\u0642\u0644 \u0645\u0639\u0631\u0641\u062a\u064a \u0641\u064a \u0627\u0644\u062a\u063a\u0630\u064a\u0629 \u0648\u0639\u0644\u0645 \u0648\u0638\u0627\u0626\u0641 \u0627\u0644\u0623\u0639\u0636\u0627\u0621 \u0648\u0639\u0644\u0645 \u0627\u0644\u0623\u0645\u0631\u0627\u0636 \u060c\u0645\u0639 \u062a\u0642\u062f\u064a\u0645 \u0648\u062b\u0627\u0626\u0642 \u0639\u0627\u0644\u064a\u0629 \u0627\u0644\u062c\u0648\u062f\u0629 \u0648 \u0643\u0644 \u0627\u0644\u062f\u0631\u0627\u0633\u0627\u062a \u0627\u0644\u0639\u0644\u0645\u064a\u0629 \u0627\u0644\u062f\u0627\u0639\u0645\u0629 \u060c \u0644\u062a\u0648\u062c\u064a\u0647\u0643 \u0648\u0645\u0633\u0627\u0639\u062f\u062a\u0643 \u0639\u0644\u0649 \u0645\u0639\u0631\u0641\u0629 \u0645\u0627 \u064a\u062d\u062f\u062b \u062f\u0627\u062e\u0644 \u0627\u0644\u062c\u0633\u0645 \u0645\u0646 \u0623\u062c\u0644 \u062a\u062d\u0633\u064a\u0646 \u0645\u0639\u0631\u0641\u062a\u0643 \u0639\u0644\u0649 \u062c\u0633\u0645\u0643 \u0648\u0639\u0644\u0627\u062c\u0647 \u0641\u064a \u062d\u0627\u0644\u0629 \u062d\u062f\u0648\u062b \u0627\u0636\u0637\u0631\u0627\u0628.<\/p>\n\n\n\n<h3 class=\"wp-block-heading\"   id=\"h-ma-philosophie\">\u0641\u0644\u0633\u0641\u062a\u064a<\/h3>\n\n\n\n<blockquote class=\"wp-block-quote has-text-align-center is-layout-flow wp-block-quote-is-layout-flow\"><p>\u064a\u062c\u0628 \u0623\u0646 \u064a\u0647\u062a\u0645 \u0627\u0644\u062c\u0645\u064a\u0639 \u0628\u0635\u062d\u062a\u0647\u0645 \u060c \u0648 \u0623\u0646 \u064a\u0643\u0648\u0646 \u0644\u062f\u0649 \u0627\u0644\u062c\u0645\u064a\u0639 \u0645\u0639\u0631\u0641\u0629 \u0628\u0623\u0645\u0631\u0627\u0636\u0647\u0645 \u060c \u0627\u0644\u0635\u062d\u0629 \u0647\u064a \u0623\u0648\u0644\u0648\u064a\u0629 \u0644\u0630\u0644\u0643 \u062f\u0639\u0648\u0646\u0627 \u0646\u062d\u0638\u0649 \u0628\u062d\u064a\u0627\u0629 \u0635\u062d\u064a\u0629!<\/p><cite><strong><em>\u0632\u0647\u0631\u0629 \u0627\u0645\u0627\u0644<\/em><\/strong><\/cite><\/blockquote>\n\n\n\n<p class=\"has-text-align-center\"><a href=\"mailto:admin@zaralogie.fr\"   class=\"ek-link\">admin@zaralogie.fr<\/a><\/p>\n\n\n\n<p class=\"has-text-align-center\"><a href=\"mailto:admin@zaralogie.fr\"   class=\"ek-link\">Entrer en <\/a><a href=\"https:\/\/zaralogie.fr\/contact\/\"   class=\"ek-link\">contact<\/a><\/p>","protected":false},"excerpt":{"rendered":"<p>Je suis biologiste physiopathologiste sp\u00e9cialis\u00e9e dans les maladies chronique et infections. Ing\u00e9nieur en biologie cellulaire et mol\u00e9culaire j\u2019ai pour objectif de poursuivre une carri\u00e8re de recherche scientifique.<\/p>","protected":false},"author":1,"featured_media":0,"parent":0,"menu_order":0,"comment_status":"closed","ping_status":"closed","template":"","meta":{"_editorskit_title_hidden":false,"_editorskit_reading_time":2,"_editorskit_is_block_options_detached":false,"_editorskit_block_options_position":"{}","_monsterinsights_skip_tracking":false,"_monsterinsights_sitenote_active":false,"_monsterinsights_sitenote_note":"","_monsterinsights_sitenote_category":0,"jnews_page_loop":{"first_title":"Latest Post","second_title":"","header_type":"heading_6","header_background":"","header_text_color":"","layout":"right-sidebar","sidebar":"default-sidebar","second_sidebar":"default-sidebar","sticky_sidebar":"1","module":"3","excerpt_length":"20","content_date":"default","date_custom":"Y\/m\/d","content_pagination":"nav_1","pagination_align":"center","post_offset":"0","posts_per_page":"5","include_post":"","exclude_post":"","include_category":"","exclude_category":"","include_author":"","include_tag":"","exclude_tag":"","sort_by":"latest"},"jnews_single_page":{"layout":"no-sidebar","sidebar":"","second_sidebar":"","share_position":"","share_color":""},"jnews_social_meta":{"fb_title":"","fb_description":"","fb_image":"","twitter_title":"","twitter_description":"","twitter_image":""},"footnotes":""},"yoast_head":"<!-- This site is optimized with the Yoast SEO Premium plugin v15.1.2 - https:\/\/yoast.com\/wordpress\/plugins\/seo\/ -->\n<title>\u00c0 propos de moi - Zaralogie<\/title>\n<meta name=\"description\"  content=\"Biologiste physiopathologiste sp\u00e9cialis\u00e9e dans les maladies chronique et infections. Ing\u00e9nieur en biologie cellulaire et mol\u00e9culaire.\" \/>\n<meta name=\"robots\"  content=\"index, follow, max-snippet:-1, max-image-preview:large, max-video-preview:-1\" \/>\n<link rel=\"canonical\"  href=\"https:\/\/zaralogie.fr\/ar\/about\/\" \/>\n<meta property=\"og:locale\"  content=\"ar_AR\" \/>\n<meta property=\"og:type\"  content=\"article\" \/>\n<meta property=\"og:title\"  content=\"\u00c0 propos de moi - Zaralogie\" \/>\n<meta property=\"og:description\"  content=\"Biologiste physiopathologiste sp\u00e9cialis\u00e9e dans les maladies chronique et infections. Ing\u00e9nieur en biologie cellulaire et mol\u00e9culaire.\" \/>\n<meta property=\"og:url\"  content=\"https:\/\/zaralogie.fr\/ar\/about\/\" \/>\n<meta property=\"og:site_name\" content=\"Zaralogie\" \/>\n<meta property=\"article:modified_time\"  content=\"2020-11-09T00:25:02+00:00\" \/>\n<meta property=\"og:image\"  content=\"https:\/\/zaralogie.fr\/wp-content\/uploads\/2020\/11\/123270487_1678192932352015_8819076726893415152_n-222x300.jpg\" \/>\n<meta name=\"twitter:card\" content=\"summary_large_image\" \/>\n<script type=\"application\/ld+json\" class=\"yoast-schema-graph\">{\"@context\":\"https:\/\/schema.org\",\"@graph\":[{\"@type\":[\"Organization\",\"Place\"],\"@id\":\"https:\/\/zaralogie.fr\/ar\/#organization\",\"name\":\"Zaralogie-Logo\",\"url\":\"https:\/\/zaralogie.fr\/ar\/\",\"sameAs\":[],\"logo\":{\"@type\":\"ImageObject\",\"@id\":\"https:\/\/zaralogie.fr\/ar\/#logo\",\"inLanguage\":\"ar\",\"url\":\"https:\/\/zaralogie.fr\/wp-content\/uploads\/2020\/11\/logo4.png\",\"width\":261,\"height\":131,\"caption\":\"Zaralogie-Logo\"},\"image\":{\"@id\":\"https:\/\/zaralogie.fr\/ar\/#logo\"},\"location\":{\"@id\":\"https:\/\/zaralogie.fr\/about\/#local-place\"},\"address\":{\"@id\":\"https:\/\/zaralogie.fr\/about\/#local-place-address\"}},{\"@type\":\"WebSite\",\"@id\":\"https:\/\/zaralogie.fr\/ar\/#website\",\"url\":\"https:\/\/zaralogie.fr\/ar\/\",\"name\":\"Zaralogie\",\"description\":\"Pensez Biologie et sant\\u00e9\",\"publisher\":{\"@id\":\"https:\/\/zaralogie.fr\/ar\/#organization\"},\"potentialAction\":[{\"@type\":\"SearchAction\",\"target\":\"https:\/\/zaralogie.fr\/ar\/?s={search_term_string}\",\"query-input\":\"required name=search_term_string\"}],\"inLanguage\":\"ar\"},{\"@type\":\"ImageObject\",\"@id\":\"https:\/\/zaralogie.fr\/about\/#primaryimage\",\"inLanguage\":\"ar\",\"url\":\"https:\/\/zaralogie.fr\/wp-content\/uploads\/2020\/11\/123270487_1678192932352015_8819076726893415152_n.jpg\",\"width\":560,\"height\":756},{\"@type\":\"WebPage\",\"@id\":\"https:\/\/zaralogie.fr\/about\/#webpage\",\"url\":\"https:\/\/zaralogie.fr\/about\/\",\"name\":\"\\u00c0 propos de moi - Zaralogie\",\"isPartOf\":{\"@id\":\"https:\/\/zaralogie.fr\/ar\/#website\"},\"primaryImageOfPage\":{\"@id\":\"https:\/\/zaralogie.fr\/about\/#primaryimage\"},\"datePublished\":\"2020-09-12T16:23:53+00:00\",\"dateModified\":\"2020-11-09T00:25:02+00:00\",\"description\":\"Biologiste physiopathologiste sp\\u00e9cialis\\u00e9e dans les maladies chronique et infections. Ing\\u00e9nieur en biologie cellulaire et mol\\u00e9culaire.\",\"inLanguage\":\"ar\",\"potentialAction\":[{\"@type\":\"ReadAction\",\"target\":[\"https:\/\/zaralogie.fr\/about\/\"]}]},{\"@type\":\"Place\",\"@id\":\"https:\/\/zaralogie.fr\/about\/#local-place\",\"address\":{\"@type\":\"PostalAddress\",\"@id\":\"https:\/\/zaralogie.fr\/about\/#local-place-address\",\"streetAddress\":\"\",\"addressLocality\":\"\",\"postalCode\":\"\",\"addressRegion\":\"\",\"addressCountry\":\"\"},\"geo\":{\"@type\":\"GeoCoordinates\",\"latitude\":\"\",\"longitude\":\"\"},\"openingHoursSpecification\":[{\"@type\":\"OpeningHoursSpecification\",\"dayOfWeek\":[\"Monday\",\"Tuesday\",\"Wednesday\",\"Thursday\",\"Friday\",\"Saturday\",\"Sunday\"],\"opens\":\"09:00\",\"closes\":\"17:00\"}]}]}<\/script>\n<!-- \/ Yoast SEO Premium plugin. -->","_links":{"self":[{"href":"https:\/\/zaralogie.fr\/ar\/wp-json\/wp\/v2\/pages\/103"}],"collection":[{"href":"https:\/\/zaralogie.fr\/ar\/wp-json\/wp\/v2\/pages"}],"about":[{"href":"https:\/\/zaralogie.fr\/ar\/wp-json\/wp\/v2\/types\/page"}],"author":[{"embeddable":true,"href":"https:\/\/zaralogie.fr\/ar\/wp-json\/wp\/v2\/users\/1"}],"replies":[{"embeddable":true,"href":"https:\/\/zaralogie.fr\/ar\/wp-json\/wp\/v2\/comments?post=103"}],"version-history":[{"count":4,"href":"https:\/\/zaralogie.fr\/ar\/wp-json\/wp\/v2\/pages\/103\/revisions"}],"predecessor-version":[{"id":285,"href":"https:\/\/zaralogie.fr\/ar\/wp-json\/wp\/v2\/pages\/103\/revisions\/285"}],"wp:attachment":[{"href":"https:\/\/zaralogie.fr\/ar\/wp-json\/wp\/v2\/media?parent=103"}],"curies":[{"name":"wp","href":"https:\/\/api.w.org\/{rel}","templated":true}]}}