{"id":104,"date":"2020-09-11T16:23:54","date_gmt":"2020-09-11T16:23:54","guid":{"rendered":"http:\/\/zaralogie.fr\/contact\/"},"modified":"2020-11-09T01:27:16","modified_gmt":"2020-11-09T00:27:16","slug":"contact","status":"publish","type":"page","link":"https:\/\/zaralogie.fr\/ar\/contact\/","title":{"rendered":"\u0627\u062a\u0635\u0644 \u0628\u0646\u0627"},"content":{"rendered":"<div class=\"wpb-content-wrapper\" ><p>[vc_row][vc_column][vc_column_text]Tout le monde doit s\u2019int\u00e9resser \u00e0 sa sant\u00e9, chaque personne doit avoir des connaissances sur sa pathologie, la sant\u00e9 c\u2019est une priorit\u00e9 alors croquons la vie en bonne sant\u00e9\u00a0!<\/p>\n<div class=\"wpforms-container wpforms-container-full wpf-disable-field\"   id=\"wpforms-136\"><form id=\"wpforms-form-136\"   class=\"wpforms-validate wpforms-form\"   data-formid=\"136\"   method=\"post\"   enctype=\"multipart\/form-data\"   action=\"\/ar\/wp-json\/wp\/v2\/pages\/104\"   data-token=\"17869ebf0f4ae020163381dbbedac612\"  data-trp-original-action=\"\/ar\/wp-json\/wp\/v2\/pages\/104\"><noscript class=\"wpforms-error-noscript\">Please enable JavaScript in your browser to complete this form.<\/noscript><div class=\"wpforms-field-container\"><div id=\"wpforms-136-field_0-container\"   class=\"wpforms-field wpforms-field-name\"   data-field-id=\"0\"><label class=\"wpforms-field-label\"   for=\"wpforms-136-field_0\">\u0627\u0644\u0625\u0633\u0645 <span class=\"wpforms-required-label\" >*<\/span><\/label><input type=\"text\"   id=\"wpforms-136-field_0\"   class=\"wpforms-field-medium wpforms-field-required\"   name=\"wpforms[fields][0]\"   required><\/div><div id=\"wpforms-136-field_1-container\"   class=\"wpforms-field wpforms-field-email\"   data-field-id=\"1\"><label class=\"wpforms-field-label\"   for=\"wpforms-136-field_1\">\u0627\u0644\u0628\u0631\u064a\u062f \u0627\u0644\u0625\u0644\u0643\u062a\u0631\u0648\u0646\u064a <span class=\"wpforms-required-label\">*<\/span><\/label><input type=\"email\"   id=\"wpforms-136-field_1\"   class=\"wpforms-field-medium wpforms-field-required\"   name=\"wpforms[fields][1]\"   required><\/div><div id=\"wpforms-136-field_5-container\"   class=\"wpforms-field wpforms-field-text\"   data-field-id=\"5\"><label class=\"wpforms-field-label\"   for=\"wpforms-136-field_5\">\u0628\u0627\u0644\u0645\u0648\u0636\u0648\u0639<\/label><input type=\"text\"   id=\"wpforms-136-field_5\"   class=\"wpforms-field-medium\"   name=\"wpforms[fields][5]\" ><\/div><div id=\"wpforms-136-field_2-container\"   class=\"wpforms-field wpforms-field-textarea\"   data-field-id=\"2\"><label class=\"wpforms-field-label\"   for=\"wpforms-136-field_2\">\u0627\u0644\u062a\u0639\u0644\u064a\u0642 \u0623\u0648 \u0627\u0644\u0631\u0633\u0627\u0644\u0629 <span class=\"wpforms-required-label\">*<\/span><\/label><textarea id=\"wpforms-136-field_2\"   class=\"wpforms-field-medium wpforms-field-required\"   name=\"wpforms[fields][2]\"   required><\/textarea><\/div><\/div><div class=\"wpforms-recaptcha-container\"  ><div class=\"g-recaptcha\"   data-sitekey=\"6Lf6Z0ggAAAAAHu-EBeaLhu5NIxVT2eVnpWf1vrX\"><\/div><input type=\"text\"   name=\"g-recaptcha-hidden\"   class=\"wpforms-recaptcha-hidden\"   style=\"position:absolute!important;clip:rect(0,0,0,0)!important;height:1px!important;width:1px!important;border:0!important;overflow:hidden!important;padding:0!important;margin:0!important;\"   required><\/div><div class=\"wpforms-submit-container\" ><input type=\"hidden\"   name=\"wpforms[id]\"   value=\"136\"><input type=\"hidden\"   name=\"wpforms[author]\"   value=\"1\"><button type=\"submit\"   name=\"wpforms[submit]\"   class=\"wpforms-submit\"   id=\"wpforms-submit-136\"   value=\"wpforms-submit\"   aria-live=\"assertive\"   data-alt-text=\"Envoi...\"   data-submit-text=\"Envoyer\">\u0625\u0631\u0633\u0627\u0644<\/button><\/div><input type=\"hidden\"  name=\"trp-form-language\"  value=\"ar\" \/><\/form><\/div>  <!-- .wpforms-container -->\n<p>[\/vc_column_text][\/vc_column][\/vc_row]<\/p>\n<\/div>","protected":false},"excerpt":{"rendered":"<p>[vc_row][vc_column][vc_column_text]Tout le monde doit s\u2019int\u00e9resser \u00e0 sa sant\u00e9, chaque personne doit avoir des connaissances sur sa pathologie, la sant\u00e9 c\u2019est une priorit\u00e9 alors croquons la vie en bonne sant\u00e9\u00a0! [\/vc_column_text][\/vc_column][\/vc_row]<\/p>","protected":false},"author":1,"featured_media":0,"parent":0,"menu_order":0,"comment_status":"closed","ping_status":"closed","template":"","meta":{"_editorskit_title_hidden":false,"_editorskit_reading_time":0,"_editorskit_is_block_options_detached":false,"_editorskit_block_options_position":"{}","_monsterinsights_skip_tracking":false,"_monsterinsights_sitenote_active":false,"_monsterinsights_sitenote_note":"","_monsterinsights_sitenote_category":0,"jnews_page_loop":{"enable_page_loop":"0","first_title":"Latest Post","second_title":"","header_type":"heading_6","header_background":"","header_text_color":"","layout":"right-sidebar","sidebar":"default-sidebar","second_sidebar":"default-sidebar","sticky_sidebar":"1","module":"3","boxed":"0","boxed_shadow":"0","box_shadow":"0","excerpt_length":"20","content_date":"default","date_custom":"Y\/m\/d","content_pagination":"nav_1","pagination_align":"center","show_navtext":"0","show_pageinfo":"0","post_offset":"0","posts_per_page":"5","include_post":"","exclude_post":"","include_category":"","exclude_category":"","include_author":"","include_tag":"","exclude_tag":"","sort_by":"latest"},"jnews_single_page":{"layout":"left-sidebar","sidebar":"contact-page","second_sidebar":"","sticky_sidebar":"0","show_post_featured":"0","show_post_meta":"0","share_position":"","share_color":""},"jnews_social_meta":{"fb_title":"","fb_description":"","fb_image":"","twitter_title":"","twitter_description":"","twitter_image":""},"footnotes":""},"yoast_head":"<!-- This site is optimized with the Yoast SEO Premium plugin v15.1.2 - https:\/\/yoast.com\/wordpress\/plugins\/seo\/ -->\n<title>Contacte - Zaralogie<\/title>\n<meta name=\"description\"  content=\"biologiste physiopathologiste sp\u00e9cialis\u00e9e dans les maladies chronique et infections. Ing\u00e9nieur en biologie cellulaire et mol\u00e9culaire.\" \/>\n<meta name=\"robots\"  content=\"index, follow, max-snippet:-1, max-image-preview:large, max-video-preview:-1\" \/>\n<link rel=\"canonical\"  href=\"https:\/\/zaralogie.fr\/ar\/contact\/\" \/>\n<meta property=\"og:locale\"  content=\"ar_AR\" \/>\n<meta property=\"og:type\"  content=\"article\" \/>\n<meta property=\"og:title\"  content=\"Contacte - Zaralogie\" \/>\n<meta property=\"og:description\"  content=\"biologiste physiopathologiste sp\u00e9cialis\u00e9e dans les maladies chronique et infections. Ing\u00e9nieur en biologie cellulaire et mol\u00e9culaire.\" \/>\n<meta property=\"og:url\"  content=\"https:\/\/zaralogie.fr\/ar\/contact\/\" \/>\n<meta property=\"og:site_name\" content=\"Zaralogie\" \/>\n<meta property=\"article:modified_time\"  content=\"2020-11-09T00:27:16+00:00\" \/>\n<meta name=\"twitter:card\" content=\"summary_large_image\" \/>\n<script type=\"application\/ld+json\" class=\"yoast-schema-graph\">{\"@context\":\"https:\/\/schema.org\",\"@graph\":[{\"@type\":[\"Organization\",\"Place\"],\"@id\":\"https:\/\/zaralogie.fr\/ar\/#organization\",\"name\":\"Zaralogie-Logo\",\"url\":\"https:\/\/zaralogie.fr\/ar\/\",\"sameAs\":[],\"logo\":{\"@type\":\"ImageObject\",\"@id\":\"https:\/\/zaralogie.fr\/ar\/#logo\",\"inLanguage\":\"ar\",\"url\":\"https:\/\/zaralogie.fr\/wp-content\/uploads\/2020\/11\/logo4.png\",\"width\":261,\"height\":131,\"caption\":\"Zaralogie-Logo\"},\"image\":{\"@id\":\"https:\/\/zaralogie.fr\/ar\/#logo\"},\"location\":{\"@id\":\"https:\/\/zaralogie.fr\/contact\/#local-place\"},\"address\":{\"@id\":\"https:\/\/zaralogie.fr\/contact\/#local-place-address\"}},{\"@type\":\"WebSite\",\"@id\":\"https:\/\/zaralogie.fr\/ar\/#website\",\"url\":\"https:\/\/zaralogie.fr\/ar\/\",\"name\":\"Zaralogie\",\"description\":\"Pensez Biologie et sant\\u00e9\",\"publisher\":{\"@id\":\"https:\/\/zaralogie.fr\/ar\/#organization\"},\"potentialAction\":[{\"@type\":\"SearchAction\",\"target\":\"https:\/\/zaralogie.fr\/ar\/?s={search_term_string}\",\"query-input\":\"required name=search_term_string\"}],\"inLanguage\":\"ar\"},{\"@type\":\"WebPage\",\"@id\":\"https:\/\/zaralogie.fr\/contact\/#webpage\",\"url\":\"https:\/\/zaralogie.fr\/contact\/\",\"name\":\"Contacte - Zaralogie\",\"isPartOf\":{\"@id\":\"https:\/\/zaralogie.fr\/ar\/#website\"},\"datePublished\":\"2020-09-11T16:23:54+00:00\",\"dateModified\":\"2020-11-09T00:27:16+00:00\",\"description\":\"biologiste physiopathologiste sp\\u00e9cialis\\u00e9e dans les maladies chronique et infections. Ing\\u00e9nieur en biologie cellulaire et mol\\u00e9culaire.\",\"inLanguage\":\"ar\",\"potentialAction\":[{\"@type\":\"ReadAction\",\"target\":[\"https:\/\/zaralogie.fr\/contact\/\"]}]},{\"@type\":\"Place\",\"@id\":\"https:\/\/zaralogie.fr\/contact\/#local-place\",\"address\":{\"@type\":\"PostalAddress\",\"@id\":\"https:\/\/zaralogie.fr\/contact\/#local-place-address\",\"streetAddress\":\"\",\"addressLocality\":\"\",\"postalCode\":\"\",\"addressRegion\":\"\",\"addressCountry\":\"\"},\"geo\":{\"@type\":\"GeoCoordinates\",\"latitude\":\"\",\"longitude\":\"\"},\"openingHoursSpecification\":[{\"@type\":\"OpeningHoursSpecification\",\"dayOfWeek\":[\"Monday\",\"Tuesday\",\"Wednesday\",\"Thursday\",\"Friday\",\"Saturday\",\"Sunday\"],\"opens\":\"09:00\",\"closes\":\"17:00\"}]}]}<\/script>\n<!-- \/ Yoast SEO Premium plugin. -->","_links":{"self":[{"href":"https:\/\/zaralogie.fr\/ar\/wp-json\/wp\/v2\/pages\/104"}],"collection":[{"href":"https:\/\/zaralogie.fr\/ar\/wp-json\/wp\/v2\/pages"}],"about":[{"href":"https:\/\/zaralogie.fr\/ar\/wp-json\/wp\/v2\/types\/page"}],"author":[{"embeddable":true,"href":"https:\/\/zaralogie.fr\/ar\/wp-json\/wp\/v2\/users\/1"}],"replies":[{"embeddable":true,"href":"https:\/\/zaralogie.fr\/ar\/wp-json\/wp\/v2\/comments?post=104"}],"version-history":[{"count":3,"href":"https:\/\/zaralogie.fr\/ar\/wp-json\/wp\/v2\/pages\/104\/revisions"}],"predecessor-version":[{"id":287,"href":"https:\/\/zaralogie.fr\/ar\/wp-json\/wp\/v2\/pages\/104\/revisions\/287"}],"wp:attachment":[{"href":"https:\/\/zaralogie.fr\/ar\/wp-json\/wp\/v2\/media?parent=104"}],"curies":[{"name":"wp","href":"https:\/\/api.w.org\/{rel}","templated":true}]}}