{"id":98,"date":"2020-09-17T16:23:49","date_gmt":"2020-09-17T16:23:49","guid":{"rendered":"http:\/\/zaralogie.fr\/home-1\/"},"modified":"2020-11-09T01:46:31","modified_gmt":"2020-11-09T00:46:31","slug":"home-1","status":"publish","type":"page","link":"https:\/\/zaralogie.fr\/ar\/","title":{"rendered":"\u0627\u0644\u0635\u0641\u062d\u0629 \u0627\u0644\u0631\u0626\u064a\u0633\u064a\u0629"},"content":{"rendered":"<div class=\"wpb-content-wrapper\" ><p>[vc_row][vc_column]<div  class=\"jeg_heroblock jeg_heroblock_8 jeg_col_3o3 jeg_hero_style_7 jnews_module__0_6a046c7252632\"  data-margin=\"30\" >\n                <div class=\"jeg_hero_wrapper\"><div class=\"jeg_heroblock_wrapper\"   style='margin: 0px 0px -30px -30px;'>\n\t                <article class=\"jeg_post jeg_hero_item_1 format-standard\"   style=\"padding: 0 0 30px 30px;\">\n                        <div class=\"jeg_block_container\">\n                            \n                            <span class=\"jeg_postformat_icon\"><\/span>\n                            <div class=\"jeg_thumb\">\n                                <a href=\"https:\/\/zaralogie.fr\/ar\/le-reflux-gastrique-causes-consequences\/\"    aria-label=\"Read article: Le Reflux Gastrique : Causes, Cons\u00e9quences, Traitement et Pr\u00e9vention\"><div class=\"thumbnail-container thumbnail-background\"   data-src=\"https:\/\/zaralogie.fr\/wp-content\/uploads\/2025\/05\/towfiqu-barbhuiya-J6g_szOtMF4-unsplash-750x500.jpg\" >\n                        <div class=\"lazyloaded\"   data-src=\"https:\/\/zaralogie.fr\/wp-content\/uploads\/2025\/05\/towfiqu-barbhuiya-J6g_szOtMF4-unsplash-750x500.jpg\"   style=\"background-image: url(https:\/\/zaralogie.fr\/wp-content\/uploads\/2025\/05\/towfiqu-barbhuiya-J6g_szOtMF4-unsplash-750x500.jpg)\"><\/div>\n                    <\/div><\/a>\n                            <\/div>\n                            <div class=\"jeg_postblock_content\">\n                                <div class=\"jeg_post_category\" >\n                                    <a href=\"https:\/\/zaralogie.fr\/ar\/category\/sante\/\" class=\"category-sante\">\u0627\u0644\u0635\u062d\u0629<\/a>\n                                <\/div>\n                                <div class=\"jeg_post_info\">\n                                    <h2 class=\"jeg_post_title\">\n                                        <a href=\"https:\/\/zaralogie.fr\/ar\/le-reflux-gastrique-causes-consequences\/\">Le Reflux Gastrique : Causes, Cons\u00e9quences, Traitement et Pr\u00e9vention<\/a>\n                                    <\/h2>\n                                    <div class=\"jeg_post_meta\"><div class=\"jeg_meta_date\"><a href=\"https:\/\/zaralogie.fr\/ar\/le-reflux-gastrique-causes-consequences\/\" ><i class=\"fa fa-clock-o\"><\/i> 25 May 2025<\/a><\/div><\/div>\n                                <\/div>\n                            <\/div>\n                        <\/div>\n                    <\/article><article class=\"jeg_post jeg_hero_item_2 format-standard\"   style=\"padding: 0 0 30px 30px;\">\n                        <div class=\"jeg_block_container\">\n                            \n                            <span class=\"jeg_postformat_icon\"><\/span>\n                            <div class=\"jeg_thumb\">\n                                <a href=\"https:\/\/zaralogie.fr\/ar\/les-avantages-jeune-intermittent\/\"    aria-label=\"Read article: Les avantages scientifiquement prouv\u00e9s du je\u00fbne intermittent !\"><div class=\"thumbnail-container thumbnail-background\"   data-src=\"https:\/\/zaralogie.fr\/wp-content\/uploads\/2024\/07\/rachael-gorjestani-evsoUV1EyXY-unsplash-750x500.jpg\" >\n                        <div class=\"lazyloaded\"   data-src=\"https:\/\/zaralogie.fr\/wp-content\/uploads\/2024\/07\/rachael-gorjestani-evsoUV1EyXY-unsplash-750x500.jpg\"   style=\"background-image: url(https:\/\/zaralogie.fr\/wp-content\/uploads\/2024\/07\/rachael-gorjestani-evsoUV1EyXY-unsplash-750x500.jpg)\"><\/div>\n                    <\/div><\/a>\n                            <\/div>\n                            <div class=\"jeg_postblock_content\">\n                                <div class=\"jeg_post_category\">\n                                    <a href=\"https:\/\/zaralogie.fr\/ar\/category\/bien-etre\/\" class=\"category-bien-etre\">\u0627\u0644\u0631\u0627\u062d\u0629<\/a>\n                                <\/div>\n                                <div class=\"jeg_post_info\">\n                                    <h2 class=\"jeg_post_title\">\n                                        <a href=\"https:\/\/zaralogie.fr\/ar\/les-avantages-jeune-intermittent\/\">Les avantages scientifiquement prouv\u00e9s du je\u00fbne intermittent !<\/a>\n                                    <\/h2>\n                                    <div class=\"jeg_post_meta\"><div class=\"jeg_meta_date\"><a href=\"https:\/\/zaralogie.fr\/ar\/les-avantages-jeune-intermittent\/\" ><i class=\"fa fa-clock-o\"><\/i> 29 December 2024<\/a><\/div><\/div>\n                                <\/div>\n                            <\/div>\n                        <\/div>\n                    <\/article><article class=\"jeg_post jeg_hero_item_3 format-standard\"   style=\"padding: 0 0 30px 30px;\">\n                        <div class=\"jeg_block_container\">\n                            \n                            <span class=\"jeg_postformat_icon\"><\/span>\n                            <div class=\"jeg_thumb\">\n                                <a href=\"https:\/\/zaralogie.fr\/ar\/les-troubles-de-la-thyroide-grossesse\/\"    aria-label=\"Read article: Les Troubles de la Thyro\u00efde ont-ils des Cons\u00e9quences sur la Grossesse ?\"><div class=\"thumbnail-container thumbnail-background\"   data-src=\"https:\/\/zaralogie.fr\/wp-content\/uploads\/2024\/12\/Thyroide_normale.png\" >\n                        <div class=\"lazyloaded\"   data-src=\"https:\/\/zaralogie.fr\/wp-content\/uploads\/2024\/12\/Thyroide_normale.png\"   style=\"background-image: url(https:\/\/zaralogie.fr\/wp-content\/uploads\/2024\/12\/Thyroide_normale.png)\"><\/div>\n                    <\/div><\/a>\n                            <\/div>\n                            <div class=\"jeg_postblock_content\">\n                                <div class=\"jeg_post_category\" >\n                                    <a href=\"https:\/\/zaralogie.fr\/ar\/category\/maternite\/\" class=\"category-maternite\">\u0627\u0644\u0623\u0645\u0648\u0645\u0629<\/a>\n                                <\/div>\n                                <div class=\"jeg_post_info\">\n                                    <h2 class=\"jeg_post_title\">\n                                        <a href=\"https:\/\/zaralogie.fr\/ar\/les-troubles-de-la-thyroide-grossesse\/\">Les Troubles de la Thyro\u00efde ont-ils des Cons\u00e9quences sur la Grossesse ?<\/a>\n                                    <\/h2>\n                                    <div class=\"jeg_post_meta\"><div class=\"jeg_meta_date\"><a href=\"https:\/\/zaralogie.fr\/ar\/les-troubles-de-la-thyroide-grossesse\/\" ><i class=\"fa fa-clock-o\"><\/i> 25 May 2025<\/a><\/div><\/div>\n                                <\/div>\n                            <\/div>\n                        <\/div>\n                    <\/article>\n\t            <\/div><\/div>\n            <\/div>\n            [\/vc_column][\/vc_row][vc_row][vc_column]<div class=\"wpforms-container wpforms-container-full inline-fields wpf-disable-field\" id=\"wpforms-132\"><form id=\"wpforms-form-132\"   class=\"wpforms-validate wpforms-form\"   data-formid=\"132\"   method=\"post\"   enctype=\"multipart\/form-data\"   action=\"\/ar\/wp-json\/wp\/v2\/pages\/98\"  data-token=\"17869ebf0f4ae020163381dbbedac612\" data-trp-original-action=\"\/ar\/wp-json\/wp\/v2\/pages\/98\"><noscript class=\"wpforms-error-noscript\">Please enable JavaScript in your browser to complete this form.<\/noscript><div class=\"wpforms-field-container\" ><div id=\"wpforms-132-field_2-container\"   class=\"wpforms-field wpforms-field-html\"   data-field-id=\"2\"><div id=\"wpforms-132-field_2\"><p><span style=\"font-size: 14px;\" >\u0627\u062d\u0635\u0644 \u0639\u0644\u0649 \u0645\u0639\u0644\u0648\u0645\u0627\u062a <strong>\u062c\u062f\u064a\u062f\u0629<\/strong>!<\/span><\/p>\r\n<p style=\"line-height: 1;\"><span style=\"font-size: 14px;\">\u0644\u0627 \u062a\u062a\u0631\u062f\u062f \u0641\u064a \u0627\u0644\u0627\u0634\u062a\u0631\u0627\u0643 \u0645\u0639\u0646\u0627.<\/span><\/p><\/div><\/div><div id=\"wpforms-132-field_0-container\"   class=\"wpforms-field wpforms-field-name\"   data-field-id=\"0\"><label class=\"wpforms-field-label wpforms-label-hide\"   for=\"wpforms-132-field_0\">\u0627\u0644\u0625\u0633\u0645 <span class=\"wpforms-required-label\">*<\/span><\/label><input type=\"text\"   id=\"wpforms-132-field_0\"   class=\"wpforms-field-medium wpforms-field-required\"   name=\"wpforms[fields][0]\"   placeholder=\"\u0627\u0644\u0625\u0633\u0645\"   required><\/div><div id=\"wpforms-132-field_1-container\"   class=\"wpforms-field wpforms-field-email\"   data-field-id=\"1\"><label class=\"wpforms-field-label wpforms-label-hide\"   for=\"wpforms-132-field_1\">\u0627\u0644\u0628\u0631\u064a\u062f \u0627\u0644\u0625\u0644\u0643\u062a\u0631\u0648\u0646\u064a <span class=\"wpforms-required-label\">*<\/span><\/label><input type=\"email\"   id=\"wpforms-132-field_1\"   class=\"wpforms-field-medium wpforms-field-required\"   name=\"wpforms[fields][1]\"   placeholder=\"\u0627\u0644\u0628\u0631\u064a\u062f \u0627\u0644\u0625\u0644\u0643\u062a\u0631\u0648\u0646\u064a\"   required><\/div><\/div><div class=\"wpforms-recaptcha-container\" ><div class=\"g-recaptcha\"   data-sitekey=\"6Lf6Z0ggAAAAAHu-EBeaLhu5NIxVT2eVnpWf1vrX\"><\/div><input type=\"text\"   name=\"g-recaptcha-hidden\"   class=\"wpforms-recaptcha-hidden\"   style=\"position:absolute!important;clip:rect(0,0,0,0)!important;height:1px!important;width:1px!important;border:0!important;overflow:hidden!important;padding:0!important;margin:0!important;\"   required><\/div><div class=\"wpforms-submit-container\" ><input type=\"hidden\"   name=\"wpforms[id]\"   value=\"132\"><input type=\"hidden\"   name=\"wpforms[author]\"   value=\"1\"><button type=\"submit\"   name=\"wpforms[submit]\"   class=\"wpforms-submit\"   id=\"wpforms-submit-132\"   value=\"wpforms-submit\"   aria-live=\"assertive\" >\u0625\u0631\u0633\u0627\u0644<\/button><\/div><input type=\"hidden\"  name=\"trp-form-language\"  value=\"ar\"\/><\/form><\/div>  <!-- .wpforms-container -->[\/vc_column][\/vc_row][vc_row][vc_column][\/vc_column][\/vc_row]<\/p>\n<\/div>","protected":false},"excerpt":{"rendered":"<p>[vc_row][vc_column][\/vc_column][\/vc_row][vc_row][vc_column][\/vc_column][\/vc_row][vc_row][vc_column][\/vc_column][\/vc_row]<\/p>","protected":false},"author":1,"featured_media":0,"parent":0,"menu_order":0,"comment_status":"closed","ping_status":"closed","template":"template-builder.php","meta":{"_editorskit_title_hidden":false,"_editorskit_reading_time":0,"_editorskit_is_block_options_detached":false,"_editorskit_block_options_position":"{}","_monsterinsights_skip_tracking":false,"_monsterinsights_sitenote_active":false,"_monsterinsights_sitenote_note":"","_monsterinsights_sitenote_category":0,"jnews_page_loop":{"enable_page_loop":"1","first_title":"","second_title":"","header_type":"heading_6","header_background":"","header_text_color":"","layout":"right-sidebar","sidebar":"home","second_sidebar":"","sticky_sidebar":"0","module":"10","boxed":"0","boxed_shadow":"0","box_shadow":"0","excerpt_length":"32","content_date":"default","date_custom":"","content_pagination":"nav_1","pagination_align":"center","show_navtext":"0","show_pageinfo":"0","post_offset":"0","posts_per_page":"1","include_post":"","exclude_post":"","include_category":"","exclude_category":"","include_author":"","include_tag":"","exclude_tag":"","sort_by":""},"jnews_single_page":{"layout":"no-sidebar","sidebar":"default-sidebar","second_sidebar":"default-sidebar","sticky_sidebar":"1","show_post_featured":"1","show_post_meta":"0","share_position":"top","share_color":"share-monocrhome"},"jnews_social_meta":{"fb_title":"Pensez biologie et sant\u00e9 car c'est une priorit\u00e9!","fb_description":"Zaralogie est un site qui vous proposes une documentation de qualit\u00e9 en biologie et sant\u00e9  avec des \u00e9tudes scientifique \u00e0 l\u2019appui, vous guide et vous aide \u00e0 savoir ce qui ce passe \u00e0 l\u2019int\u00e9rieur de l\u2019organisme afin de mieux connaitre votre corps et \u00e0 y rem\u00e9dier en cas de d\u00e9sordre. Car la sant\u00e9 est une priorit\u00e9 !\r\n","fb_image":"289","twitter_title":"Pensez biologie et sant\u00e9 car c'est une priorit\u00e9!","twitter_description":"Zaralogie est un site qui vous proposes une documentation de qualit\u00e9 en biologie et sant\u00e9  avec des \u00e9tudes scientifique \u00e0 l\u2019appui, vous guide et vous aide \u00e0 savoir ce qui ce passe \u00e0 l\u2019int\u00e9rieur de l\u2019organisme afin de mieux connaitre votre corps et \u00e0 y rem\u00e9dier en cas de d\u00e9sordre. Car la sant\u00e9 est une priorit\u00e9 !","twitter_image":"289"},"footnotes":""},"yoast_head":"<!-- This site is optimized with the Yoast SEO Premium plugin v15.1.2 - https:\/\/yoast.com\/wordpress\/plugins\/seo\/ -->\n<title>Accueil - Pensez biologie et sant\u00e9 car c&#039;est une priorit\u00e9!<\/title>\n<meta name=\"description\"  content=\"Zaralogie est un blog qui vous proposes une documentation de qualit\u00e9 en biologie et sant\u00e9 avec des \u00e9tudes scientifique \u00e0 l\u2019appui.\" \/>\n<meta name=\"robots\"  content=\"index, follow, max-snippet:-1, max-image-preview:large, max-video-preview:-1\" \/>\n<link rel=\"canonical\"  href=\"https:\/\/zaralogie.fr\/ar\/\" \/>\n<meta property=\"og:locale\"  content=\"ar_AR\" \/>\n<meta property=\"og:type\"  content=\"article\" \/>\n<meta property=\"og:title\"  content=\"Pensez biologie et sant\u00e9 car c&#039;est une priorit\u00e9!\" \/>\n<meta property=\"og:description\"  content=\"Zaralogie est un site qui vous proposes une documentation de qualit\u00e9 en biologie et sant\u00e9 avec des \u00e9tudes scientifique \u00e0 l\u2019appui, vous guide et vous aide \u00e0 savoir ce qui ce passe \u00e0 l\u2019int\u00e9rieur de l\u2019organisme afin de mieux connaitre votre corps et \u00e0 y rem\u00e9dier en cas de d\u00e9sordre. Car la sant\u00e9 est une priorit\u00e9 !\" \/>\n<meta property=\"og:url\"  content=\"https:\/\/zaralogie.fr\/ar\/\" \/>\n<meta property=\"og:site_name\" content=\"Zaralogie\" \/>\n<meta property=\"article:modified_time\"  content=\"2020-11-09T00:46:31+00:00\" \/>\n<meta property=\"og:image\"  content=\"https:\/\/zaralogie.fr\/wp-content\/uploads\/2020\/11\/facebook.png\" \/>\n\t<meta property=\"og:image:width\" content=\"512\" \/>\n\t<meta property=\"og:image:height\" content=\"512\" \/>\n<meta name=\"twitter:card\" content=\"summary_large_image\" \/>\n<meta name=\"twitter:title\"  content=\"Pensez biologie et sant\u00e9 car c&#039;est une priorit\u00e9!\" \/>\n<meta name=\"twitter:description\"  content=\"Zaralogie est un site qui vous proposes une documentation de qualit\u00e9 en biologie et sant\u00e9 avec des \u00e9tudes scientifique \u00e0 l\u2019appui, vous guide et vous aide \u00e0 savoir ce qui ce passe \u00e0 l\u2019int\u00e9rieur de l\u2019organisme afin de mieux connaitre votre corps et \u00e0 y rem\u00e9dier en cas de d\u00e9sordre. Car la sant\u00e9 est une priorit\u00e9 !\" \/>\n<meta name=\"twitter:image\"  content=\"https:\/\/zaralogie.fr\/wp-content\/uploads\/2020\/11\/facebook.png\" \/>\n<script type=\"application\/ld+json\" class=\"yoast-schema-graph\">{\"@context\":\"https:\/\/schema.org\",\"@graph\":[{\"@type\":[\"Organization\",\"Place\"],\"@id\":\"https:\/\/zaralogie.fr\/ar\/#organization\",\"name\":\"Zaralogie-Logo\",\"url\":\"https:\/\/zaralogie.fr\/ar\/\",\"sameAs\":[],\"logo\":{\"@type\":\"ImageObject\",\"@id\":\"https:\/\/zaralogie.fr\/ar\/#logo\",\"inLanguage\":\"ar\",\"url\":\"https:\/\/zaralogie.fr\/wp-content\/uploads\/2020\/11\/logo4.png\",\"width\":261,\"height\":131,\"caption\":\"Zaralogie-Logo\"},\"image\":{\"@id\":\"https:\/\/zaralogie.fr\/ar\/#logo\"},\"location\":{\"@id\":\"https:\/\/zaralogie.fr\/#local-place\"},\"address\":{\"@id\":\"https:\/\/zaralogie.fr\/#local-place-address\"}},{\"@type\":\"WebSite\",\"@id\":\"https:\/\/zaralogie.fr\/ar\/#website\",\"url\":\"https:\/\/zaralogie.fr\/ar\/\",\"name\":\"Zaralogie\",\"description\":\"Pensez Biologie et sant\\u00e9\",\"publisher\":{\"@id\":\"https:\/\/zaralogie.fr\/ar\/#organization\"},\"potentialAction\":[{\"@type\":\"SearchAction\",\"target\":\"https:\/\/zaralogie.fr\/ar\/?s={search_term_string}\",\"query-input\":\"required name=search_term_string\"}],\"inLanguage\":\"ar\"},{\"@type\":\"WebPage\",\"@id\":\"https:\/\/zaralogie.fr\/#webpage\",\"url\":\"https:\/\/zaralogie.fr\/\",\"name\":\"Accueil - Pensez biologie et sant\\u00e9 car c'est une priorit\\u00e9!\",\"isPartOf\":{\"@id\":\"https:\/\/zaralogie.fr\/ar\/#website\"},\"datePublished\":\"2020-09-17T16:23:49+00:00\",\"dateModified\":\"2020-11-09T00:46:31+00:00\",\"description\":\"Zaralogie est un blog qui vous proposes une documentation de qualit\\u00e9 en biologie et sant\\u00e9 avec des \\u00e9tudes scientifique \\u00e0 l\\u2019appui.\",\"inLanguage\":\"ar\",\"potentialAction\":[{\"@type\":\"ReadAction\",\"target\":[\"https:\/\/zaralogie.fr\/\"]}]},{\"@type\":\"Place\",\"@id\":\"https:\/\/zaralogie.fr\/#local-place\",\"address\":{\"@type\":\"PostalAddress\",\"@id\":\"https:\/\/zaralogie.fr\/#local-place-address\",\"streetAddress\":\"\",\"addressLocality\":\"\",\"postalCode\":\"\",\"addressRegion\":\"\",\"addressCountry\":\"\"},\"geo\":{\"@type\":\"GeoCoordinates\",\"latitude\":\"\",\"longitude\":\"\"},\"openingHoursSpecification\":[{\"@type\":\"OpeningHoursSpecification\",\"dayOfWeek\":[\"Monday\",\"Tuesday\",\"Wednesday\",\"Thursday\",\"Friday\",\"Saturday\",\"Sunday\"],\"opens\":\"09:00\",\"closes\":\"17:00\"}]}]}<\/script>\n<!-- \/ Yoast SEO Premium plugin. -->","_links":{"self":[{"href":"https:\/\/zaralogie.fr\/ar\/wp-json\/wp\/v2\/pages\/98"}],"collection":[{"href":"https:\/\/zaralogie.fr\/ar\/wp-json\/wp\/v2\/pages"}],"about":[{"href":"https:\/\/zaralogie.fr\/ar\/wp-json\/wp\/v2\/types\/page"}],"author":[{"embeddable":true,"href":"https:\/\/zaralogie.fr\/ar\/wp-json\/wp\/v2\/users\/1"}],"replies":[{"embeddable":true,"href":"https:\/\/zaralogie.fr\/ar\/wp-json\/wp\/v2\/comments?post=98"}],"version-history":[{"count":9,"href":"https:\/\/zaralogie.fr\/ar\/wp-json\/wp\/v2\/pages\/98\/revisions"}],"predecessor-version":[{"id":640,"href":"https:\/\/zaralogie.fr\/ar\/wp-json\/wp\/v2\/pages\/98\/revisions\/640"}],"wp:attachment":[{"href":"https:\/\/zaralogie.fr\/ar\/wp-json\/wp\/v2\/media?parent=98"}],"curies":[{"name":"wp","href":"https:\/\/api.w.org\/{rel}","templated":true}]}}